{"id":64,"date":"2013-02-11T02:20:06","date_gmt":"2013-02-11T01:20:06","guid":{"rendered":"http:\/\/www.fcingolstadt04.de\/?page_id=64"},"modified":"2021-10-31T16:21:25","modified_gmt":"2021-10-31T15:21:25","slug":"satzung-mitgliedschaft","status":"publish","type":"page","link":"http:\/\/www.fcingolstadt04.de\/?page_id=64","title":{"rendered":"Satzung"},"content":{"rendered":"<h3><span class=\"Apple-style-span\" style=\"font-size: 16px; font-weight: normal; line-height: 24px;\">\u00a0<\/span><\/h3>\n<h3>Satzung<\/h3>\n<p>1.\u00a0\u00a0\u00a0\u00a0\u00a0\u00a0\u00a0\u00a0Der Name des Fanclubs lautet:<\/p>\n<p><b>Erster Fanclub des Fu\u00dfballvereins FC INGOLSTADT 04 \u2013 St.\u00a0Vinzenz \u2013 Tagesst\u00e4tte\u00a0G.<\/b><br \/>\n<b>Die Abk\u00fcrzung: 1. Fanclub FC IN 04<\/b><\/p>\n<p>Die Adresse:<br \/>\n<b>Fanclub FC IN 04 \u2013<\/b><br \/>\n<b>Caritas-Zentrum St.\u00a0Vinzenz<\/b><br \/>\n<b>z. Hd. Herrn Rainer Grupp<\/b><br \/>\n<b>Fr\u00fchlingstra\u00dfe\u00a015<\/b><br \/>\n<b>85055 Ingolstadt<\/b><\/p>\n<p><b>Telefon: 0841\/953996-100 Fax: 0841\/953996-111<\/b><\/p>\n<p>Email:<span style=\"text-decoration: underline;\">1fanclub@fcingolstadt04.de<\/span>\u00a0Homepage:\u00a0<a href=\"http:\/\/www.fcingolstadt04.de\/\">www.fcingolstadt04.de<\/a><\/p>\n<p>Bankverbindung: Sparkasse Ingolstadt\u00a0\u00a0BIC: BYLADEM1ING<br \/>\nIBAN: DE827215000000535429<\/p>\n<p>2.\u00a0\u00a0\u00a0\u00a0\u00a0\u00a0\u00a0\u00a0St\u00e4ndiges Mitglied dieses Fanclubs kann jede Person werden. Das Mitglied erkl\u00e4rt seine Mitgliedschaft\u00a0durch Unterschrift und Mitteilung seiner Adresse mit Telefonnummer. (Bei Kinder und Jugendlichen\u00a0unterschreiben bei Bedarf die Sorgeberechtigten bzw. die Betreuer). Die Mitgliedschaft wird erst mit der\u00a0Einzahlung eines Unkostenbeitrages g\u00fcltig. F\u00fcr Kinder und Jugendliche bis zum Alter von 18 Jahren wird\u00a0nur eine einmalige Aufnahmegeb\u00fchr von 2 \u20ac erhoben ohne weiteren Folgekosten, f\u00fcr st\u00e4ndige Mitglieder\u00a0betr\u00e4gt der j\u00e4hrliche Unkostenbeitrag 5 \u20ac (es wird keine Aufnahmegeb\u00fchr verlangt).<\/p>\n<p>Bei einer \u00dcberweisung ist bitte stets der Verwendungszweck 1 Fanclub FC IN 04 anzugeben.<\/p>\n<p>Der Schriftf\u00fchrer verwaltet und archiviert das Verzeichnis der st\u00e4ndigen Mitglieder.<\/p>\n<p>Der Schriftf\u00fchrer ist auch der Kassierer und verwaltet die Mitgliedskasse.<\/p>\n<p>3.\u00a0\u00a0\u00a0\u00a0\u00a0\u00a0\u00a0\u00a0Alle Kinder und Jugendlichen der Tagesst\u00e4tte G, welche regelm\u00e4\u00dfig am Fu\u00dfballsport der Tagesst\u00e4tte\u00a0teilnehmen, sind automatisch Mitglieder des Fanclubs. Am Ende des jeweiligen Schuljahres erlischt ihre\u00a0Mitgliedschaft automatisch, es sei denn, sie erkl\u00e4ren ihre st\u00e4ndige Mitgliedschaft und best\u00e4tigen diese durch\u00a0ihre Unterschrift.<\/p>\n<p>4.\u00a0\u00a0\u00a0\u00a0\u00a0\u00a0\u00a0\u00a0Jedes st\u00e4ndige Mitglied erh\u00e4lt einen Mitgliederausweis. Nur dieser Mitgliederausweis berechtigt zum\u00a0Erhalt von Informationen aus dem Archiv. Der Ausweis best\u00e4tigt die Mitgliedschaft nach Au\u00dfen,\u00a0insbesondere gegen\u00fcber Mannschaft und Verein und weist den Besitzer als Mitglied des Ersten Fanclubs\u00a0dieses Fu\u00dfballclubs aus.<\/p>\n<p align=\"left\">5.\u00a0\u00a0\u00a0\u00a0\u00a0\u00a0\u00a0\u00a0\u00a0\u00a0Der Vorstand des FC IN 04 best\u00e4tigt dem Ersten Fanclub per Unterschrift, dass es sich tats\u00e4chlich um den ersten Fanclub des Fu\u00dfballclubs handelt. Diese Best\u00e4tigung ist eine wesentliche Gr\u00fcndungsurkunde und bleibt f\u00fcr die Dauer des Bestehens des Fanclubs im Archiv des Fu\u00dfballclubs aufbewahrt.<\/p>\n<p>\u00a0\u00a0\u00a0\u00a0\u00a0\u00a0\u00a0\u00a0Weitere Gr\u00fcndungsurkunden sind:<\/p>\n<p>Satzung, Mitgliederverzeichnis, alle Sitzungsprotokolle vom Vorstand und aller Mitglieder, Kassenstand, offizielles Archiv.<\/p>\n<p align=\"left\">Der Vorstand entscheidet, welche Unterlagen in das offizielle Archiv aufgenommen werden. F\u00fcr die F\u00fchrung des Archivs ist der Schriftf\u00fchrer verantwortlich. Er erstellt eine aktuelle Inhaltsangabe des offiziellen Archivs. Neben dem offiziellen Archiv kann ein allgemeines Sammelarchiv zum Thema Fu\u00dfball aufgebaut werden.<\/p>\n<p>Die Vorstandschaft k\u00fcmmert sich um eine aktuelle und fortlaufende Autogrammsammlung der Spieler des FC 04.<\/p>\n<p>6.\u00a0\u00a0\u00a0\u00a0\u00a0\u00a0\u00a0\u00a0Pr\u00e4sident, Vorsitzender, Schriftf\u00fchrer, Kassierer und alle Beisitzer bilden die Vorstandschaft des Fanclubs.<\/p>\n<p>Der Pr\u00e4sident wird von der Vorstandschaft mit Mehrheitsbeschluss auf die Dauer von 2 Jahren gew\u00e4hlt.<\/p>\n<p>Die anderen Mitglieder der Vorstandschaft werden mit Mehrheitsbeschluss in einer geschlossenen Mitgliederversammlung gew\u00e4hlt. Die Mitgliederversammlung kann h\u00f6chstens gesamt f\u00fcnf weitere Beisitzer in die Vorstandschaft w\u00e4hlen. Vorsitzender, Schriftf\u00fchrer,\u00a0Kassierer ,\u00a0und alle Beisitzer werden auf die Dauer von 5 Jahren gew\u00e4hlt. Der Schriftf\u00fchrer kann auch Kassierer des Fanclubs sein.<\/p>\n<p>7.\u00a0 \u00a0 \u00a0 \u00a0\u00a0Zum Pr\u00e4sident des Fanclubs kann nur ein erwachsener geistig behinderter Mensch gew\u00e4hlt werden.\u00a0Er soll Zeit haben und gerne und regelm\u00e4\u00dfig die Heimspiele der Mannschaft besuchen.\u00a0Er soll gerne mit der Vorstandschaft und besonders mit dem Schriftf\u00fchrer zusammenarbeiten und in\u00a0regelm\u00e4\u00dfigen Abst\u00e4nden von der Situation der Mannschaft berichten und die Lage insgesamt besprechen.<\/p>\n<p>8.\u00a0\u00a0\u00a0\u00a0\u00a0\u00a0\u00a0\u00a0Es findet mindestens einmal j\u00e4hrlich eine geschlossene Mitgliederversammlung statt. Teilnahmeberechtigt sind alle st\u00e4ndigen Mitglieder. Der Vorstand leitet die Versammlung, es wird st\u00e4ndig ein Protokoll gef\u00fchrt und archiviert. Der Vorstand entscheidet mit Mehrheitsbeschluss \u00fcber die Abhaltung einer \u00f6ffentlichen Mitgliederversammlung. Bei einer \u00f6ffentlichen Mitgliederversammlung sind G\u00e4ste zugelassen.<\/p>\n<p>Die Satzung kann auf Antrag mit Mehrheitsbeschluss nur in einer geschlossenen Mitgliederversammlung ver\u00e4ndert werden. St\u00e4ndige Mitglieder m\u00fcssen \u00fcber die\u00a0Satzungs\u00e4nderung\u00a0informiert werden.<\/p>\n<p>9.\u00a0\u00a0\u00a0\u00a0\u00a0\u00a0\u00a0\u00a0Die Ziele des Fanclubs (1. Fanclub FC IN 04) sind:<\/p>\n<p>9.1\u00a0\u00a0\u00a0\u00a0\u00a0\u00a0\u00a0\u00a0\u00a0\u00a0\u00a0Die regelm\u00e4\u00dfige Information aller Kinder und Jugendlicher, welche die Tagesst\u00e4tte\u00a0G des Caritas-Zentrums St.\u00a0Vinzenz besuchen, insbesondere<\/p>\n<p>&#8211; \u00fcber die stattfindenden Spiele<\/p>\n<p>&#8211; \u00fcber alle Ereignisse des Fu\u00dfballclubs betreffend<\/p>\n<p>&#8211; \u00fcber den aktuellen Tabellenstand<\/p>\n<p>&#8211; \u00fcber die Spieler und den Trainer.<\/p>\n<p>9.2\u00a0\u00a0\u00a0\u00a0\u00a0\u00a0\u00a0\u00a0\u00a0\u00a0\u00a0Die regelm\u00e4\u00dfige Information o. g. Themen an seine st\u00e4ndigen Mitglieder<\/p>\n<p>9.3\u00a0\u00a0\u00a0\u00a0\u00a0\u00a0\u00a0\u00a0\u00a0\u00a0\u00a0Die Beschaffung von Informationsmaterial und Fanartikel beim Fu\u00dfballclub<\/p>\n<p>9.4\u00a0\u00a0\u00a0\u00a0\u00a0\u00a0\u00a0\u00a0\u00a0\u00a0\u00a0Anlegen und Verwalten eines Archivs<\/p>\n<p>9.5\u00a0\u00a0\u00a0\u00a0\u00a0\u00a0\u00a0\u00a0\u00a0\u00a0\u00a0Bereitstellung von Material f\u00fcr Unterrichtszwecke<\/p>\n<p>9.6\u00a0\u00a0\u00a0\u00a0\u00a0\u00a0\u00a0\u00a0\u00a0\u00a0\u00a0Kontakterhaltung zum Fu\u00dfballclub und besonders zur Mannschaft<\/p>\n<p>9.7.\u00a0\u00a0\u00a0\u00a0\u00a0\u00a0\u00a0\u00a0\u00a0\u00a0Werbung zur Teilnahme an den Fu\u00dfballspielen und lautstarker Unterst\u00fctzung der Mannschaft.<\/p>\n<p>9.8\u00a0\u00a0\u00a0\u00a0\u00a0\u00a0\u00a0\u00a0\u00a0\u00a0\u00a0Angebot einer sinnvollen Freizeitbesch\u00e4ftigung f\u00fcr Kinder und Jugendliche (gemeinsam mit ihren Eltern bzw. sp\u00e4ter selbst\u00e4ndig)<\/p>\n<p>9.10\u00a0\u00a0\u00a0\u00a0\u00a0\u00a0\u00a0\u00a0\u00a0Kontaktaufnahme und Infoaustausch mit anderen Fanclubs<\/p>\n<p>9.11 \u00a0 \u00a0 \u00a0 \u00a0 Gewaltverzicht und Gewaltpr\u00e4vention<\/p>\n<p>10.\u00a0\u00a0\u00a0\u00a0\u00a0Der Vorstand f\u00fchrt mindestens einmal j\u00e4hrlich eine Mitgliederversammlung durch. Er entscheidet mit\u00a0Stimmenmehrheit \u00fcber die Ausgaben der Mitgliederbeitr\u00e4ge. Er entscheidet mit Stimmenmehrheit \u00fcber die\u00a0Aufnahme bzw. \u00fcber die Entlassung eines st\u00e4ndigen Mitglieds.<\/p>\n<p>11.\u00a0\u00a0\u00a0\u00a0\u00a0Ein Mitglied, welches durch sein Auftreten in der \u00d6ffentlichkeit im Zusammenhang mit dem Verein<\/p>\n<p>und dem Fanclub deren Ansehen sch\u00e4digt, kann nach einer Ermahnung mit Mehrheitsbeschluss\u00a0der Vorstandschaft vom Fanclub ausgeschlossen werden.<\/p>\n<p>12.\u00a0\u00a0\u00a0\u00a0\u00a0Ein Austritt aus der Vorstandschaft und aus dem Fanclub ist jederzeit m\u00f6glich. Der Austritt wird\u00a0mit Unterschrift best\u00e4tigt. Der Mitgliederausweis muss zur\u00fcckgegeben werden.<\/p>\n<p>13.\u00a0\u00a0\u00a0\u00a0\u00a0Die Mindestanzahl der st\u00e4ndigen Mitglieder betr\u00e4gt 7 Personen. Verringert sich diese Zahl durch entsprechende Austritte, so gilt der Fanclub automatisch als aufgel\u00f6st.<\/p>\n<p>Die Satzung wurde mit Mehrheitsbeschluss in der Gr\u00fcndungsversammlung am 25.\u00a0Juni\u00a02004 angenommen.<\/p>\n<p>Sie ist ab diesem Zeitpunkt in Kraft getreten.<\/p>\n<p>Ingolstadt, 25.06.2004<\/p>\n","protected":false},"excerpt":{"rendered":"<p>\u00a0 Satzung 1.\u00a0\u00a0\u00a0\u00a0\u00a0\u00a0\u00a0\u00a0Der Name des Fanclubs lautet: Erster Fanclub des Fu\u00dfballvereins FC INGOLSTADT 04 \u2013 St.\u00a0Vinzenz \u2013 Tagesst\u00e4tte\u00a0G. Die Abk\u00fcrzung: 1. Fanclub FC IN 04 Die Adresse: Fanclub FC IN 04 \u2013 Caritas-Zentrum St.\u00a0Vinzenz z. Hd. Herrn Rainer Grupp Fr\u00fchlingstra\u00dfe\u00a015 85055 Ingolstadt Telefon: 0841\/953996-100 Fax: 0841\/953996-111 Email:1fanclub@fcingolstadt04.de\u00a0Homepage:\u00a0www.fcingolstadt04.de Bankverbindung: Sparkasse Ingolstadt\u00a0\u00a0BIC: BYLADEM1ING IBAN: DE827215000000535429 2.\u00a0\u00a0\u00a0\u00a0\u00a0\u00a0\u00a0\u00a0St\u00e4ndiges Mitglied [&hellip;]<\/p>\n","protected":false},"author":1,"featured_media":0,"parent":0,"menu_order":8,"comment_status":"closed","ping_status":"closed","template":"","meta":[],"_links":{"self":[{"href":"http:\/\/www.fcingolstadt04.de\/index.php?rest_route=\/wp\/v2\/pages\/64"}],"collection":[{"href":"http:\/\/www.fcingolstadt04.de\/index.php?rest_route=\/wp\/v2\/pages"}],"about":[{"href":"http:\/\/www.fcingolstadt04.de\/index.php?rest_route=\/wp\/v2\/types\/page"}],"author":[{"embeddable":true,"href":"http:\/\/www.fcingolstadt04.de\/index.php?rest_route=\/wp\/v2\/users\/1"}],"replies":[{"embeddable":true,"href":"http:\/\/www.fcingolstadt04.de\/index.php?rest_route=%2Fwp%2Fv2%2Fcomments&post=64"}],"version-history":[{"count":9,"href":"http:\/\/www.fcingolstadt04.de\/index.php?rest_route=\/wp\/v2\/pages\/64\/revisions"}],"predecessor-version":[{"id":362,"href":"http:\/\/www.fcingolstadt04.de\/index.php?rest_route=\/wp\/v2\/pages\/64\/revisions\/362"}],"wp:attachment":[{"href":"http:\/\/www.fcingolstadt04.de\/index.php?rest_route=%2Fwp%2Fv2%2Fmedia&parent=64"}],"curies":[{"name":"wp","href":"https:\/\/api.w.org\/{rel}","templated":true}]}}